{"id":204,"date":"2019-11-12T10:20:16","date_gmt":"2019-11-12T09:20:16","guid":{"rendered":"https:\/\/www.andreaspichl.com\/coming_soon\/?page_id=204"},"modified":"2022-07-25T12:08:19","modified_gmt":"2022-07-25T10:08:19","slug":"impressum","status":"publish","type":"page","link":"https:\/\/www.andreaspichl.com\/home\/?page_id=204","title":{"rendered":"impressum"},"content":{"rendered":"\t\t<div data-elementor-type=\"wp-page\" data-elementor-id=\"204\" class=\"elementor elementor-204\">\n\t\t\t\t\t\t<section class=\"elementor-section elementor-top-section elementor-element elementor-element-da43378 elementor-section-boxed elementor-section-height-default elementor-section-height-default\" data-id=\"da43378\" data-element_type=\"section\" data-e-type=\"section\">\n\t\t\t\t\t\t<div class=\"elementor-container elementor-column-gap-default\">\n\t\t\t\t\t<div class=\"elementor-column elementor-col-100 elementor-top-column elementor-element elementor-element-ca55567\" data-id=\"ca55567\" data-element_type=\"column\" data-e-type=\"column\" data-settings=\"{&quot;background_background&quot;:&quot;classic&quot;}\">\n\t\t\t<div class=\"elementor-widget-wrap elementor-element-populated\">\n\t\t\t\t\t\t<div class=\"elementor-element elementor-element-9431910 elementor-widget elementor-widget-text-editor\" data-id=\"9431910\" data-element_type=\"widget\" data-e-type=\"widget\" data-widget_type=\"text-editor.default\">\n\t\t\t\t<div class=\"elementor-widget-container\">\n\t\t\t\t\t\t\t\t\t<h2 style=\"box-sizing: inherit; margin-bottom: 1.5em; font-family: 'Arial'; font-size: 14px; color: #666666;\"><strong><span style=\"color: #000000;\">Andreas Pichl Photography<\/span><\/strong><\/h2><p style=\"box-sizing: inherit; margin-bottom: 1.5em; font-family: 'Arial'; font-size: 14px; color: #666666;\"><span style=\"color: #000000;\"><b>Adresse:<\/b><\/span><span style=\"color: #000000;\">\u00a0<\/span><span style=\"color: #000000;\">Michtnergasse 11\/1\/5,\u00a0\u00a0<\/span><span style=\"color: #000000;\">1210 Wien<\/span><\/p><p style=\"box-sizing: inherit; margin-bottom: 1.5em; font-family: 'Arial'; font-size: 14px; color: #666666;\"><span style=\"color: #000000;\"><strong>Unternehmensgegenstand:<\/strong> Berufsfotograf<\/span><\/p><p style=\"box-sizing: inherit; margin-bottom: 1.5em; font-family: 'Arial'; font-size: 14px; color: #666666;\"><span style=\"color: #000000;\"><span style=\"box-sizing: inherit; font-weight: bolder;\">Tel.:<\/span>\u00a0<a style=\"box-sizing: inherit; color: #000000;\" href=\"tel:+436763322436\">+43 (664) 3370055<\/a><\/span><\/p><p style=\"box-sizing: inherit; margin-bottom: 1.5em; font-family: 'Arial'; font-size: 14px; color: #666666;\"><span style=\"color: #000000;\"><span style=\"box-sizing: inherit; font-weight: bolder;\">E-mail:<\/span>\u00a0<a style=\"color: #000000;\" href=\"mailto:mail@andreaspichl.com\">mail@andreaspichl.com<\/a><\/span><\/p><p style=\"box-sizing: inherit; margin-bottom: 1.5em; font-family: 'Arial'; font-size: 14px; color: #666666;\"><span style=\"color: #000000;\"><span style=\"box-sizing: inherit; font-weight: bolder;\">Internet:<\/span>\u00a0<a style=\"box-sizing: inherit; color: #000000;\" href=\"http:\/\/www.andreaspichl.com\/\">www.andreaspichl.com<\/a><\/span><\/p><p style=\"box-sizing: inherit; margin-bottom: 1.5em; font-family: 'Arial'; font-size: 14px; color: #666666;\"><span style=\"color: #000000;\"><span style=\"box-sizing: inherit; font-weight: bolder;\">Inhaber:<\/span>\u00a0Ing. Andreas Pichl BA<\/span><\/p><p style=\"box-sizing: inherit; margin-bottom: 1.5em; font-family: 'Arial'; font-size: 14px; color: #666666;\"><span style=\"box-sizing: inherit; font-weight: bolder; color: #000000;\">Bankverbindung:\u00a0<\/span><span style=\"color: #000000;\">N26 Bank GmbH<\/span><\/p><p style=\"box-sizing: inherit; margin-bottom: 1.5em; font-family: 'Century Gothic'; font-size: 14px; color: #666666;\">\u00a0<\/p>\t\t\t\t\t\t\t\t<\/div>\n\t\t\t\t<\/div>\n\t\t\t\t<div class=\"elementor-element elementor-element-8e4c0d7 elementor-widget elementor-widget-heading\" data-id=\"8e4c0d7\" data-element_type=\"widget\" data-e-type=\"widget\" data-widget_type=\"heading.default\">\n\t\t\t\t<div class=\"elementor-widget-container\">\n\t\t\t\t\t<h2 class=\"elementor-heading-title elementor-size-default\"><span style=\"color: var( --e-global-color-primary );font-weight: var( --e-global-typography-primary-font-weight );font-size: 14px\">Mitglied der \u00f6sterreichischen Berufsfotografen<\/span><\/h2>\t\t\t\t<\/div>\n\t\t\t\t<\/div>\n\t\t\t\t<div class=\"elementor-element elementor-element-2a36c6c elementor-widget elementor-widget-image\" data-id=\"2a36c6c\" data-element_type=\"widget\" data-e-type=\"widget\" data-widget_type=\"image.default\">\n\t\t\t\t<div class=\"elementor-widget-container\">\n\t\t\t\t\t\t\t\t\t\t\t\t\t\t\t<img fetchpriority=\"high\" decoding=\"async\" width=\"300\" height=\"227\" src=\"https:\/\/www.andreaspichl.com\/wp-content\/uploads\/2019\/11\/Logo_Berufsfotografen-300x227.jpg\" class=\"attachment-medium size-medium wp-image-239\" alt=\"\" srcset=\"https:\/\/www.andreaspichl.com\/wp-content\/uploads\/2019\/11\/Logo_Berufsfotografen-300x227.jpg 300w, https:\/\/www.andreaspichl.com\/wp-content\/uploads\/2019\/11\/Logo_Berufsfotografen-1024x775.jpg 1024w, https:\/\/www.andreaspichl.com\/wp-content\/uploads\/2019\/11\/Logo_Berufsfotografen-768x581.jpg 768w, https:\/\/www.andreaspichl.com\/wp-content\/uploads\/2019\/11\/Logo_Berufsfotografen-1000x757.jpg 1000w, https:\/\/www.andreaspichl.com\/wp-content\/uploads\/2019\/11\/Logo_Berufsfotografen-500x378.jpg 500w, https:\/\/www.andreaspichl.com\/wp-content\/uploads\/2019\/11\/Logo_Berufsfotografen.jpg 1181w\" sizes=\"(max-width: 300px) 100vw, 300px\" \/>\t\t\t\t\t\t\t\t\t\t\t\t\t\t\t<\/div>\n\t\t\t\t<\/div>\n\t\t\t\t<div class=\"elementor-element elementor-element-27155fa elementor-widget elementor-widget-heading\" data-id=\"27155fa\" data-element_type=\"widget\" data-e-type=\"widget\" data-widget_type=\"heading.default\">\n\t\t\t\t<div class=\"elementor-widget-container\">\n\t\t\t\t\t<h2 class=\"elementor-heading-title elementor-size-default\"><span style=\"color: var( --e-global-color-primary );font-weight: var( --e-global-typography-primary-font-weight );font-size: 14px\">Listed in the register of the European Photographers<\/span><\/h2>\t\t\t\t<\/div>\n\t\t\t\t<\/div>\n\t\t\t\t<div class=\"elementor-element elementor-element-cdb570c elementor-widget elementor-widget-image\" data-id=\"cdb570c\" data-element_type=\"widget\" data-e-type=\"widget\" data-widget_type=\"image.default\">\n\t\t\t\t<div class=\"elementor-widget-container\">\n\t\t\t\t\t\t\t\t\t\t\t\t\t\t\t<img decoding=\"async\" width=\"300\" height=\"137\" src=\"https:\/\/www.andreaspichl.com\/wp-content\/uploads\/2020\/12\/FEP__Logo-1-300x137.png\" class=\"attachment-medium size-medium wp-image-685\" alt=\"\" srcset=\"https:\/\/www.andreaspichl.com\/wp-content\/uploads\/2020\/12\/FEP__Logo-1-300x137.png 300w, https:\/\/www.andreaspichl.com\/wp-content\/uploads\/2020\/12\/FEP__Logo-1-150x69.png 150w, https:\/\/www.andreaspichl.com\/wp-content\/uploads\/2020\/12\/FEP__Logo-1.png 700w\" sizes=\"(max-width: 300px) 100vw, 300px\" \/>\t\t\t\t\t\t\t\t\t\t\t\t\t\t\t<\/div>\n\t\t\t\t<\/div>\n\t\t\t\t<div class=\"elementor-element elementor-element-e45d939 elementor-widget elementor-widget-text-editor\" data-id=\"e45d939\" data-element_type=\"widget\" data-e-type=\"widget\" data-widget_type=\"text-editor.default\">\n\t\t\t\t<div class=\"elementor-widget-container\">\n\t\t\t\t\t\t\t\t\t<p style=\"box-sizing: inherit; margin-bottom: 1.5em; font-family: 'Arial'; font-size: 14px; color: #666666;\"><span style=\"font-weight: bolder; color: #000000;\">Copyright \u2013 Urheberrecht:<\/span><\/p><p style=\"box-sizing: inherit; margin-bottom: 1.5em; font-family: 'Arial'; font-size: 14px; color: #666666;\"><span style=\"color: #000000;\">Alle ver\u00f6ffentlichten Fotos unterliegen dem Urheberrecht durch Andreas Pichl Photography.<br \/>Jegliche Vervielf\u00e4ltigung oder Verwendung ohne Zustimmung des Fotografen ist unzul\u00e4ssig.<\/span><\/p><p style=\"box-sizing: inherit; margin-bottom: 1.5em; font-family: 'Arial'; font-size: 14px; color: #666666;\"><span style=\"color: #000000;\">\u00a0<\/span><\/p><p style=\"box-sizing: inherit; margin-bottom: 1.5em; font-family: 'Arial'; font-size: 14px; color: #666666;\"><span style=\"box-sizing: inherit; font-weight: bolder; color: #000000;\">Haftungshinweis:<\/span><\/p><p style=\"box-sizing: inherit; margin-bottom: 1.5em; font-family: 'Arial'; font-size: 14px; color: #666666;\"><span style=\"color: #000000;\">Trotz sorgf\u00e4ltiger inhaltlicher Kontrolle \u00fcbernehmen wir keine Haftung f\u00fcr die Inhalte externer Links.<br \/>F\u00fcr den Inhalt verlinkter Seiten sind ausschlie\u00dflich deren Betreiber verantwortlich.<\/span><\/p><p style=\"box-sizing: inherit; margin-bottom: 1.5em; font-family: 'Century Gothic'; font-size: 14px; color: #666666;\">\u00a0<\/p>\t\t\t\t\t\t\t\t<\/div>\n\t\t\t\t<\/div>\n\t\t\t\t<div class=\"elementor-element elementor-element-325f347 elementor-align-center elementor-widget elementor-widget-button\" data-id=\"325f347\" data-element_type=\"widget\" data-e-type=\"widget\" data-widget_type=\"button.default\">\n\t\t\t\t<div class=\"elementor-widget-container\">\n\t\t\t\t\t\t\t\t\t<div class=\"elementor-button-wrapper\">\n\t\t\t\t\t<a class=\"elementor-button elementor-button-link elementor-size-sm\" href=\"https:\/\/www.andreaspichl.com\/home\/?page_id=282\">\n\t\t\t\t\t\t<span class=\"elementor-button-content-wrapper\">\n\t\t\t\t\t\t\t\t\t<span class=\"elementor-button-text\">Cookie-Richtlinie<\/span>\n\t\t\t\t\t<\/span>\n\t\t\t\t\t<\/a>\n\t\t\t\t<\/div>\n\t\t\t\t\t\t\t\t<\/div>\n\t\t\t\t<\/div>\n\t\t\t\t\t<\/div>\n\t\t<\/div>\n\t\t\t\t\t<\/div>\n\t\t<\/section>\n\t\t\t\t<\/div>\n\t\t","protected":false},"excerpt":{"rendered":"<p>Andreas Pichl Photography Adresse:\u00a0Michtnergasse 11\/1\/5,\u00a0\u00a01210 Wien Unternehmensgegenstand: Berufsfotograf Tel.:\u00a0+43 (664) 3370055 E-mail:\u00a0mail@andreaspichl.com Internet:\u00a0www.andreaspichl.com Inhaber:\u00a0Ing. Andreas Pichl BA Bankverbindung:\u00a0N26 Bank GmbH \u00a0 Mitglied der \u00f6sterreichischen Berufsfotografen Listed in the register of the European Photographers Copyright \u2013 Urheberrecht: Alle ver\u00f6ffentlichten Fotos unterliegen dem Urheberrecht durch Andreas Pichl &hellip; <a href=\"https:\/\/www.andreaspichl.com\/home\/?page_id=204\" class=\"more-link\"><span>Continue reading<span class=\"screen-reader-text\">impressum<\/span><\/span><\/a><\/p>\n","protected":false},"author":1,"featured_media":0,"parent":0,"menu_order":1,"comment_status":"closed","ping_status":"closed","template":"","meta":{"footnotes":""},"class_list":["post-204","page","type-page","status-publish","hentry"],"_links":{"self":[{"href":"https:\/\/www.andreaspichl.com\/home\/index.php?rest_route=\/wp\/v2\/pages\/204","targetHints":{"allow":["GET"]}}],"collection":[{"href":"https:\/\/www.andreaspichl.com\/home\/index.php?rest_route=\/wp\/v2\/pages"}],"about":[{"href":"https:\/\/www.andreaspichl.com\/home\/index.php?rest_route=\/wp\/v2\/types\/page"}],"author":[{"embeddable":true,"href":"https:\/\/www.andreaspichl.com\/home\/index.php?rest_route=\/wp\/v2\/users\/1"}],"replies":[{"embeddable":true,"href":"https:\/\/www.andreaspichl.com\/home\/index.php?rest_route=%2Fwp%2Fv2%2Fcomments&post=204"}],"version-history":[{"count":48,"href":"https:\/\/www.andreaspichl.com\/home\/index.php?rest_route=\/wp\/v2\/pages\/204\/revisions"}],"predecessor-version":[{"id":852,"href":"https:\/\/www.andreaspichl.com\/home\/index.php?rest_route=\/wp\/v2\/pages\/204\/revisions\/852"}],"wp:attachment":[{"href":"https:\/\/www.andreaspichl.com\/home\/index.php?rest_route=%2Fwp%2Fv2%2Fmedia&parent=204"}],"curies":[{"name":"wp","href":"https:\/\/api.w.org\/{rel}","templated":true}]}}