{"id":282,"date":"2019-12-16T13:11:03","date_gmt":"2019-12-16T12:11:03","guid":{"rendered":"https:\/\/www.andreaspichl.com\/home\/?page_id=282"},"modified":"2019-12-16T14:06:09","modified_gmt":"2019-12-16T13:06:09","slug":"cookie-policy","status":"publish","type":"page","link":"https:\/\/www.andreaspichl.com\/home\/?page_id=282","title":{"rendered":"Cookie-Richtlinie"},"content":{"rendered":"\t\t<div data-elementor-type=\"wp-page\" data-elementor-id=\"282\" class=\"elementor elementor-282\">\n\t\t\t\t\t\t<section class=\"elementor-section elementor-top-section elementor-element elementor-element-371018ac elementor-section-boxed elementor-section-height-default elementor-section-height-default\" data-id=\"371018ac\" data-element_type=\"section\" data-e-type=\"section\">\n\t\t\t\t\t\t<div class=\"elementor-container elementor-column-gap-default\">\n\t\t\t\t\t<div class=\"elementor-column elementor-col-100 elementor-top-column elementor-element elementor-element-cb8bd03\" data-id=\"cb8bd03\" data-element_type=\"column\" data-e-type=\"column\">\n\t\t\t<div class=\"elementor-widget-wrap elementor-element-populated\">\n\t\t\t\t\t\t<div class=\"elementor-element elementor-element-4c9d488a elementor-widget elementor-widget-text-editor\" data-id=\"4c9d488a\" data-element_type=\"widget\" data-e-type=\"widget\" data-widget_type=\"text-editor.default\">\n\t\t\t\t<div class=\"elementor-widget-container\">\n\t\t\t\t\t\t\t\t\t<div><p><span style=\"font-family: Roboto, sans-serif; font-weight: 400; font-size: 1em;\">Diese Cookie-Richtlinie erkl\u00e4rt, was Cookies sind und wie wir sie verwenden. Sie sollten diese Richtlinie lesen, um zu verstehen, was Cookies sind, wie wir sie verwenden, welche Arten von Cookies wir verwenden, d. h. die Informationen, die wir mithilfe von Cookies sammeln und wie diese Informationen verwendet werden und wie die Cookie-Einstellungen zu kontrollieren sind. Weitere Informationen dar\u00fcber, wie wir Ihre personenbezogenen Daten verwenden, speichern und sch\u00fctzen, finden Sie in unserer Datenschutzerkl\u00e4rung. Sie k\u00f6nnen Ihre Einwilligung aus der Cookie-Erkl\u00e4rung auf unserer Website jederzeit \u00e4ndern oder widerrufen.<\/span><\/p><div><div><div><div><p><span style=\"font-weight: normal;\">Erfahren Sie in unserer Datenschutzrichtlinie mehr dar\u00fcber, wer wir sind, wie Sie uns kontaktieren k\u00f6nnen und wie wir personenbezogene Daten verarbeiten.<\/span><\/p><p>Ihre Einwilligung gilt f\u00fcr folgende Domains<span style=\"color: #000000;\">:\u00a0<a style=\"color: #000000;\" href=\"https:\/\/ssl.microsofttranslator.com\/bv.aspx?ref=TVert&amp;from=&amp;to=de&amp;a=www.andreaspichl.com\" target=\"_blank\" rel=\"noopener noreferrer\">www.andreaspichl.com<\/a>.<\/span><\/p><p>\u00a0<\/p><\/div><\/div><\/div><\/div><h3>Was sind Cookies ?<\/h3><div><p>Cookies sind kleine Textdateien, die verwendet werden, um kleine Informationen zu speichern. Die Cookies werden auf Ihrem Ger\u00e4t gespeichert, wenn die Website in Ihrem Browser geladen wird. Diese Cookies helfen uns, die Website richtig funktionieren zu lassen, die Website sicherer zu machen, eine bessere Benutzererfahrung zu bieten und zu verstehen, wie die Website funktioniert und zu analysieren, was funktioniert und wo sie verbessert werden muss.<\/p><p>\u00a0<\/p><h3>Wie verwenden wir Cookies?<\/h3><div>Wie die meisten Online-Dienste verwendet unsere Website Cookies von Erst- und Drittanbieter-Cookies f\u00fcr eine Reihe von Zwecken. Die Erstparteien-Cookies sind meist notwendig, damit die Website richtig funktioniert, und sie sammeln keine Ihrer personenbezogenen Daten.<\/div><div>Die auf unseren Websites verwendeten Cookies von Drittanbietern werden haupts\u00e4chlich verwendet, um zu verstehen, wie die Website funktioniert, wie Sie mit unserer Website interagieren, unsere Dienste sicher zu halten, Werbung bereitzustellen, die f\u00fcr Sie relevant ist, und alles in allem, um Ihnen eine bessere und bessere und verbesserte Benutzererfahrung und helfen, Ihre zuk\u00fcnftigen Interaktionen mit unserer Website zu beschleunigen.<\/div><\/div><h3>Welche Arten von Cookies verwenden wir ?<\/h3><div><p><b>Unverzichtbar:<\/b> Einige Cookies sind wichtig, damit Sie die volle Funktionalit\u00e4t unserer Website nutzen k\u00f6nnen. Sie erm\u00f6glichen es uns, Benutzersitzungen zu pflegen und Sicherheitsbedrohungen zu verhindern. Sie sammeln oder speichern keine personenbezogenen Daten. Mit diesen Cookies k\u00f6nnen Sie sich beispielsweise bei Ihrem Konto anmelden und Produkte sicher zu Ihrem Warenkorb und zur Kasse hinzuf\u00fcgen.<\/p><p><b>Statistiken:<\/b> Diese Cookies speichern Informationen wie die Anzahl der Besucher der Website, die Anzahl der eindeutigen Besucher, welche Seiten der Website besucht wurden, die Quelle des Besuchs usw. Diese Daten helfen uns zu verstehen und zu analysieren, wie gut die Website funktioniert und wo sie verbessert werden muss.<\/p><p><b>Marketing:<\/b> Unsere Website zeigt Werbung an. Diese Cookies werden verwendet, um die Anzeigen, die wir Ihnen zeigen, so zu personalisieren, dass sie f\u00fcr Sie von Bedeutung sind. Diese Cookies helfen uns auch, die Effizienz dieser Werbekampagnen zu verfolgen.<\/p><p>Die in diesen Cookies gespeicherten Informationen k\u00f6nnen auch von Drittanbietern verwendet werden, um Ihnen Anzeigen auf anderen Websites im Browser anzuzeigen.<\/p><p><b>Funktional:<\/b> Dies sind die Cookies, die bestimmten nicht wesentlichen Funktionen auf unserer Website helfen. Zu diesen Funktionen geh\u00f6ren das Einbetten von Inhalten wie Videos oder das Teilen von Inhalten auf der Website auf Social-Media-Plattformen.<\/p><p><b>Pr\u00e4ferenzen:<\/b> Diese Cookies helfen uns, Ihre Einstellungen und Browser-Einstellungen wie Spracheinstellungen zu speichern, damit Sie eine bessere und effiziente Erfahrung bei zuk\u00fcnftigen Besuchen der Website haben.<\/p><h4><span style=\"font-family: Montserrat, serif; font-size: 1.4em; letter-spacing: -1px;\">Wie kann ich die Cookie-Einstellungen steuern ?<\/span><\/h4><\/div><div><p>Sollten Sie sich entscheiden, Ihre Einstellungen sp\u00e4ter \u00fcber Ihre Browser-Sitzung zu \u00e4ndern, k\u00f6nnen Sie auf der Registerkarte &#8222;Datenschutz &amp; Cookie-Richtlinie&#8220; auf Ihrem Bildschirm klicken. Dadurch wird der Einwilligungsbescheid erneut angezeigt, der es Ihnen erm\u00f6glicht, Ihre Pr\u00e4ferenzen zu \u00e4ndern oder Ihre Einwilligung vollst\u00e4ndig zu widerrufen.<\/p><p>Dar\u00fcber hinaus bieten verschiedene Browser verschiedene Methoden, um Cookies, die von Websites verwendet werden, zu blockieren und zu l\u00f6schen. Sie k\u00f6nnen die Einstellungen Ihres Browsers \u00e4ndern, um die Cookies zu blockieren\/l\u00f6schen. Weitere Informationen zum Verwalten und L\u00f6schen von Cookies finden Sie unt<span style=\"color: #000000;\">er\u00a0<a style=\"color: #000000;\" href=\"https:\/\/en.wikipedia.org\/wiki\/HTTP_cookie\" target=\"_blank\" rel=\"nofollow noopener noreferrer\">wikipedia.org<\/a>, <a style=\"color: #000000;\" href=\"http:\/\/www.allaboutcookies.org\/\" target=\"_blank\" rel=\"nofollow noopener noreferrer\">www.allaboutcookies.org<\/a><\/span><span style=\"font-size: 1em;\">.<\/span><\/p><\/div><\/div>\t\t\t\t\t\t\t\t<\/div>\n\t\t\t\t<\/div>\n\t\t\t\t\t<\/div>\n\t\t<\/div>\n\t\t\t\t\t<\/div>\n\t\t<\/section>\n\t\t\t\t<section class=\"elementor-section elementor-top-section elementor-element elementor-element-13c0eb9 elementor-section-boxed elementor-section-height-default elementor-section-height-default\" data-id=\"13c0eb9\" data-element_type=\"section\" data-e-type=\"section\">\n\t\t\t\t\t\t<div class=\"elementor-container elementor-column-gap-default\">\n\t\t\t\t\t<div class=\"elementor-column elementor-col-100 elementor-top-column elementor-element elementor-element-5171ebf\" data-id=\"5171ebf\" data-element_type=\"column\" data-e-type=\"column\">\n\t\t\t<div class=\"elementor-widget-wrap elementor-element-populated\">\n\t\t\t\t\t\t<div class=\"elementor-element elementor-element-d602d52 elementor-align-center elementor-widget elementor-widget-button\" data-id=\"d602d52\" data-element_type=\"widget\" data-e-type=\"widget\" data-widget_type=\"button.default\">\n\t\t\t\t<div class=\"elementor-widget-container\">\n\t\t\t\t\t\t\t\t\t<div class=\"elementor-button-wrapper\">\n\t\t\t\t\t<a class=\"elementor-button elementor-button-link elementor-size-sm\" href=\"https:\/\/www.andreaspichl.com\/home\">\n\t\t\t\t\t\t<span class=\"elementor-button-content-wrapper\">\n\t\t\t\t\t\t\t\t\t<span class=\"elementor-button-text\">home<\/span>\n\t\t\t\t\t<\/span>\n\t\t\t\t\t<\/a>\n\t\t\t\t<\/div>\n\t\t\t\t\t\t\t\t<\/div>\n\t\t\t\t<\/div>\n\t\t\t\t\t<\/div>\n\t\t<\/div>\n\t\t\t\t\t<\/div>\n\t\t<\/section>\n\t\t\t\t<\/div>\n\t\t","protected":false},"excerpt":{"rendered":"<p>Diese Cookie-Richtlinie erkl\u00e4rt, was Cookies sind und wie wir sie verwenden. Sie sollten diese Richtlinie lesen, um zu verstehen, was Cookies sind, wie wir sie verwenden, welche Arten von Cookies wir verwenden, d. h. die Informationen, die wir mithilfe von Cookies sammeln und wie diese &hellip; <a href=\"https:\/\/www.andreaspichl.com\/home\/?page_id=282\" class=\"more-link\"><span>Continue reading<span class=\"screen-reader-text\">Cookie-Richtlinie<\/span><\/span><\/a><\/p>\n","protected":false},"author":1,"featured_media":0,"parent":0,"menu_order":0,"comment_status":"closed","ping_status":"closed","template":"","meta":{"footnotes":""},"class_list":["post-282","page","type-page","status-publish","hentry"],"_links":{"self":[{"href":"https:\/\/www.andreaspichl.com\/home\/index.php?rest_route=\/wp\/v2\/pages\/282","targetHints":{"allow":["GET"]}}],"collection":[{"href":"https:\/\/www.andreaspichl.com\/home\/index.php?rest_route=\/wp\/v2\/pages"}],"about":[{"href":"https:\/\/www.andreaspichl.com\/home\/index.php?rest_route=\/wp\/v2\/types\/page"}],"author":[{"embeddable":true,"href":"https:\/\/www.andreaspichl.com\/home\/index.php?rest_route=\/wp\/v2\/users\/1"}],"replies":[{"embeddable":true,"href":"https:\/\/www.andreaspichl.com\/home\/index.php?rest_route=%2Fwp%2Fv2%2Fcomments&post=282"}],"version-history":[{"count":13,"href":"https:\/\/www.andreaspichl.com\/home\/index.php?rest_route=\/wp\/v2\/pages\/282\/revisions"}],"predecessor-version":[{"id":317,"href":"https:\/\/www.andreaspichl.com\/home\/index.php?rest_route=\/wp\/v2\/pages\/282\/revisions\/317"}],"wp:attachment":[{"href":"https:\/\/www.andreaspichl.com\/home\/index.php?rest_route=%2Fwp%2Fv2%2Fmedia&parent=282"}],"curies":[{"name":"wp","href":"https:\/\/api.w.org\/{rel}","templated":true}]}}