{"id":69,"date":"2024-11-19T00:00:44","date_gmt":"2024-11-18T23:00:44","guid":{"rendered":"https:\/\/andreaspichl.com\/?page_id=69"},"modified":"2025-09-24T11:00:33","modified_gmt":"2025-09-24T09:00:33","slug":"home","status":"publish","type":"page","link":"https:\/\/www.andreaspichl.com\/home\/","title":{"rendered":"home"},"content":{"rendered":"\t\t<div data-elementor-type=\"wp-page\" data-elementor-id=\"69\" class=\"elementor elementor-69\">\n\t\t\t\t\t\t<section class=\"elementor-section elementor-top-section elementor-element elementor-element-f4dcd25 elementor-section-boxed elementor-section-height-default elementor-section-height-default\" data-id=\"f4dcd25\" data-element_type=\"section\" data-e-type=\"section\">\n\t\t\t\t\t\t<div class=\"elementor-container elementor-column-gap-default\">\n\t\t\t\t\t<div class=\"elementor-column elementor-col-100 elementor-top-column elementor-element elementor-element-63ab78e\" data-id=\"63ab78e\" data-element_type=\"column\" data-e-type=\"column\">\n\t\t\t<div class=\"elementor-widget-wrap elementor-element-populated\">\n\t\t\t\t\t\t<div class=\"elementor-element elementor-element-b885752 elementor-widget elementor-widget-image-gallery\" data-id=\"b885752\" data-element_type=\"widget\" data-e-type=\"widget\" data-widget_type=\"image-gallery.default\">\n\t\t\t\t<div class=\"elementor-widget-container\">\n\t\t\t\t\t\t\t<div class=\"elementor-image-gallery\">\n\t\t\t<div data-carousel-extra='{\"blog_id\":1,\"permalink\":\"https:\\\/\\\/www.andreaspichl.com\\\/home\\\/\"}' id='gallery-1' class='gallery galleryid-69 gallery-columns-3 gallery-size-full'><figure class='gallery-item'>\n\t\t\t<div class='gallery-icon portrait'>\n\t\t\t\t<a data-elementor-open-lightbox=\"yes\" data-elementor-lightbox-slideshow=\"b885752\" data-elementor-lightbox-title=\"Andi-3\" data-elementor-lightbox-description=\"Andi-3\" data-e-action-hash=\"#elementor-action%3Aaction%3Dlightbox%26settings%3DeyJpZCI6NTQzLCJ1cmwiOiJodHRwczpcL1wvd3d3LmFuZHJlYXNwaWNobC5jb21cL3dwLWNvbnRlbnRcL3VwbG9hZHNcLzIwMjBcLzA2XC9JTUdfNzIyMi5qcGVnIiwic2xpZGVzaG93IjoiYjg4NTc1MiJ9\" href='https:\/\/www.andreaspichl.com\/wp-content\/uploads\/2020\/06\/IMG_7222.jpeg'><img fetchpriority=\"high\" decoding=\"async\" data-attachment-id=\"543\" data-orig-file=\"https:\/\/www.andreaspichl.com\/wp-content\/uploads\/2020\/06\/IMG_7222.jpeg\" data-orig-size=\"1515,2020\" data-comments-opened=\"1\" data-image-meta=\"{&quot;aperture&quot;:&quot;1.8&quot;,&quot;credit&quot;:&quot;&quot;,&quot;camera&quot;:&quot;iPhone XR&quot;,&quot;caption&quot;:&quot;&quot;,&quot;created_timestamp&quot;:&quot;1591450609&quot;,&quot;copyright&quot;:&quot;&quot;,&quot;focal_length&quot;:&quot;4.25&quot;,&quot;iso&quot;:&quot;25&quot;,&quot;shutter_speed&quot;:&quot;0.00023397285914834&quot;,&quot;title&quot;:&quot;&quot;,&quot;orientation&quot;:&quot;0&quot;}\" data-image-title=\"Andi-3\" data-image-description=\"\" data-medium-file=\"https:\/\/www.andreaspichl.com\/wp-content\/uploads\/2020\/06\/IMG_7222-225x300.jpeg\" data-large-file=\"https:\/\/www.andreaspichl.com\/wp-content\/uploads\/2020\/06\/IMG_7222-768x1024.jpeg\" title=\"Andi-3\" width=\"1515\" height=\"2020\" src=\"https:\/\/www.andreaspichl.com\/wp-content\/uploads\/2020\/06\/IMG_7222.jpeg\" class=\"attachment-full size-full\" alt=\"\" srcset=\"https:\/\/www.andreaspichl.com\/wp-content\/uploads\/2020\/06\/IMG_7222.jpeg 1515w, https:\/\/www.andreaspichl.com\/wp-content\/uploads\/2020\/06\/IMG_7222-225x300.jpeg 225w, https:\/\/www.andreaspichl.com\/wp-content\/uploads\/2020\/06\/IMG_7222-768x1024.jpeg 768w, https:\/\/www.andreaspichl.com\/wp-content\/uploads\/2020\/06\/IMG_7222-113x150.jpeg 113w, https:\/\/www.andreaspichl.com\/wp-content\/uploads\/2020\/06\/IMG_7222-1152x1536.jpeg 1152w\" sizes=\"(max-width: 1515px) 100vw, 1515px\" \/><\/a>\n\t\t\t<\/div><\/figure><figure class='gallery-item'>\n\t\t\t<div class='gallery-icon portrait'>\n\t\t\t\t<a data-elementor-open-lightbox=\"yes\" data-elementor-lightbox-slideshow=\"b885752\" data-elementor-lightbox-title=\"Andi-2\" data-elementor-lightbox-description=\"Andi-2\" data-e-action-hash=\"#elementor-action%3Aaction%3Dlightbox%26settings%3DeyJpZCI6NTQ0LCJ1cmwiOiJodHRwczpcL1wvd3d3LmFuZHJlYXNwaWNobC5jb21cL3dwLWNvbnRlbnRcL3VwbG9hZHNcLzIwMjBcLzA2XC9JTUdfNzIyMC5qcGVnIiwic2xpZGVzaG93IjoiYjg4NTc1MiJ9\" href='https:\/\/www.andreaspichl.com\/wp-content\/uploads\/2020\/06\/IMG_7220.jpeg'><img decoding=\"async\" data-attachment-id=\"544\" data-orig-file=\"https:\/\/www.andreaspichl.com\/wp-content\/uploads\/2020\/06\/IMG_7220.jpeg\" data-orig-size=\"1829,2438\" data-comments-opened=\"1\" data-image-meta=\"{&quot;aperture&quot;:&quot;1.8&quot;,&quot;credit&quot;:&quot;&quot;,&quot;camera&quot;:&quot;iPhone XR&quot;,&quot;caption&quot;:&quot;&quot;,&quot;created_timestamp&quot;:&quot;1591450598&quot;,&quot;copyright&quot;:&quot;&quot;,&quot;focal_length&quot;:&quot;4.25&quot;,&quot;iso&quot;:&quot;25&quot;,&quot;shutter_speed&quot;:&quot;0.00022401433691756&quot;,&quot;title&quot;:&quot;&quot;,&quot;orientation&quot;:&quot;0&quot;}\" data-image-title=\"Andi-2\" data-image-description=\"\" data-medium-file=\"https:\/\/www.andreaspichl.com\/wp-content\/uploads\/2020\/06\/IMG_7220-225x300.jpeg\" data-large-file=\"https:\/\/www.andreaspichl.com\/wp-content\/uploads\/2020\/06\/IMG_7220-768x1024.jpeg\" title=\"Andi-2\" width=\"1829\" height=\"2438\" src=\"https:\/\/www.andreaspichl.com\/wp-content\/uploads\/2020\/06\/IMG_7220.jpeg\" class=\"attachment-full size-full\" alt=\"\" srcset=\"https:\/\/www.andreaspichl.com\/wp-content\/uploads\/2020\/06\/IMG_7220.jpeg 1829w, https:\/\/www.andreaspichl.com\/wp-content\/uploads\/2020\/06\/IMG_7220-225x300.jpeg 225w, https:\/\/www.andreaspichl.com\/wp-content\/uploads\/2020\/06\/IMG_7220-768x1024.jpeg 768w, https:\/\/www.andreaspichl.com\/wp-content\/uploads\/2020\/06\/IMG_7220-113x150.jpeg 113w, https:\/\/www.andreaspichl.com\/wp-content\/uploads\/2020\/06\/IMG_7220-1152x1536.jpeg 1152w, https:\/\/www.andreaspichl.com\/wp-content\/uploads\/2020\/06\/IMG_7220-1536x2048.jpeg 1536w\" sizes=\"(max-width: 1829px) 100vw, 1829px\" \/><\/a>\n\t\t\t<\/div><\/figure><figure class='gallery-item'>\n\t\t\t<div class='gallery-icon portrait'>\n\t\t\t\t<a data-elementor-open-lightbox=\"yes\" data-elementor-lightbox-slideshow=\"b885752\" data-elementor-lightbox-title=\"Andi-1\" data-elementor-lightbox-description=\"Andi-1\" data-e-action-hash=\"#elementor-action%3Aaction%3Dlightbox%26settings%3DeyJpZCI6NTQ1LCJ1cmwiOiJodHRwczpcL1wvd3d3LmFuZHJlYXNwaWNobC5jb21cL3dwLWNvbnRlbnRcL3VwbG9hZHNcLzIwMjBcLzA2XC9JTUdfNzIyOC5qcGVnIiwic2xpZGVzaG93IjoiYjg4NTc1MiJ9\" href='https:\/\/www.andreaspichl.com\/wp-content\/uploads\/2020\/06\/IMG_7228.jpeg'><img decoding=\"async\" data-attachment-id=\"545\" data-orig-file=\"https:\/\/www.andreaspichl.com\/wp-content\/uploads\/2020\/06\/IMG_7228.jpeg\" data-orig-size=\"1223,1631\" data-comments-opened=\"1\" data-image-meta=\"{&quot;aperture&quot;:&quot;1.8&quot;,&quot;credit&quot;:&quot;&quot;,&quot;camera&quot;:&quot;iPhone XR&quot;,&quot;caption&quot;:&quot;&quot;,&quot;created_timestamp&quot;:&quot;1591450623&quot;,&quot;copyright&quot;:&quot;&quot;,&quot;focal_length&quot;:&quot;4.25&quot;,&quot;iso&quot;:&quot;25&quot;,&quot;shutter_speed&quot;:&quot;0.00021399529210357&quot;,&quot;title&quot;:&quot;&quot;,&quot;orientation&quot;:&quot;0&quot;}\" data-image-title=\"Andi-1\" data-image-description=\"\" data-medium-file=\"https:\/\/www.andreaspichl.com\/wp-content\/uploads\/2020\/06\/IMG_7228-225x300.jpeg\" data-large-file=\"https:\/\/www.andreaspichl.com\/wp-content\/uploads\/2020\/06\/IMG_7228-768x1024.jpeg\" title=\"Andi-1\" width=\"1223\" height=\"1631\" src=\"https:\/\/www.andreaspichl.com\/wp-content\/uploads\/2020\/06\/IMG_7228.jpeg\" class=\"attachment-full size-full\" alt=\"\" srcset=\"https:\/\/www.andreaspichl.com\/wp-content\/uploads\/2020\/06\/IMG_7228.jpeg 1223w, https:\/\/www.andreaspichl.com\/wp-content\/uploads\/2020\/06\/IMG_7228-225x300.jpeg 225w, https:\/\/www.andreaspichl.com\/wp-content\/uploads\/2020\/06\/IMG_7228-768x1024.jpeg 768w, https:\/\/www.andreaspichl.com\/wp-content\/uploads\/2020\/06\/IMG_7228-112x150.jpeg 112w, https:\/\/www.andreaspichl.com\/wp-content\/uploads\/2020\/06\/IMG_7228-1152x1536.jpeg 1152w\" sizes=\"(max-width: 1223px) 100vw, 1223px\" \/><\/a>\n\t\t\t<\/div><\/figure>\n\t\t<\/div>\n\t\t<\/div>\n\t\t\t\t\t\t<\/div>\n\t\t\t\t<\/div>\n\t\t\t\t\t<\/div>\n\t\t<\/div>\n\t\t\t\t\t<\/div>\n\t\t<\/section>\n\t\t\t\t<section class=\"elementor-section elementor-top-section elementor-element elementor-element-dfa9582 elementor-section-boxed elementor-section-height-default elementor-section-height-default\" data-id=\"dfa9582\" data-element_type=\"section\" data-e-type=\"section\" data-settings=\"{&quot;background_background&quot;:&quot;classic&quot;}\">\n\t\t\t\t\t\t<div class=\"elementor-container elementor-column-gap-default\">\n\t\t\t\t\t<div class=\"elementor-column elementor-col-100 elementor-top-column elementor-element elementor-element-ac786bb\" data-id=\"ac786bb\" data-element_type=\"column\" data-e-type=\"column\">\n\t\t\t<div class=\"elementor-widget-wrap elementor-element-populated\">\n\t\t\t\t\t\t<section class=\"elementor-section elementor-inner-section elementor-element elementor-element-660fcc4 elementor-section-boxed elementor-section-height-default elementor-section-height-default\" data-id=\"660fcc4\" data-element_type=\"section\" data-e-type=\"section\">\n\t\t\t\t\t\t<div class=\"elementor-container elementor-column-gap-default\">\n\t\t\t\t\t<div class=\"elementor-column elementor-col-50 elementor-inner-column elementor-element elementor-element-0214bbd\" data-id=\"0214bbd\" data-element_type=\"column\" data-e-type=\"column\">\n\t\t\t<div class=\"elementor-widget-wrap elementor-element-populated\">\n\t\t\t\t\t\t<div class=\"elementor-element elementor-element-a9c2ab9 elementor-widget elementor-widget-heading\" data-id=\"a9c2ab9\" data-element_type=\"widget\" data-e-type=\"widget\" data-widget_type=\"heading.default\">\n\t\t\t\t<div class=\"elementor-widget-container\">\n\t\t\t\t\t<h2 class=\"elementor-heading-title elementor-size-large\">call me: <\/h2>\t\t\t\t<\/div>\n\t\t\t\t<\/div>\n\t\t\t\t<div class=\"elementor-element elementor-element-0550e15 elementor-widget elementor-widget-heading\" data-id=\"0550e15\" data-element_type=\"widget\" data-e-type=\"widget\" data-widget_type=\"heading.default\">\n\t\t\t\t<div class=\"elementor-widget-container\">\n\t\t\t\t\t<h2 class=\"elementor-heading-title elementor-size-medium\">+43 (664) 3370055<\/h2>\t\t\t\t<\/div>\n\t\t\t\t<\/div>\n\t\t\t\t\t<\/div>\n\t\t<\/div>\n\t\t\t\t<div class=\"elementor-column elementor-col-50 elementor-inner-column elementor-element elementor-element-4f8529c\" data-id=\"4f8529c\" data-element_type=\"column\" data-e-type=\"column\">\n\t\t\t<div class=\"elementor-widget-wrap elementor-element-populated\">\n\t\t\t\t\t\t<div class=\"elementor-element elementor-element-aacb21c elementor-widget elementor-widget-heading\" data-id=\"aacb21c\" data-element_type=\"widget\" data-e-type=\"widget\" data-widget_type=\"heading.default\">\n\t\t\t\t<div class=\"elementor-widget-container\">\n\t\t\t\t\t<h2 class=\"elementor-heading-title elementor-size-large\">write me: <\/h2>\t\t\t\t<\/div>\n\t\t\t\t<\/div>\n\t\t\t\t<div class=\"elementor-element elementor-element-7a6d853 elementor-widget elementor-widget-heading\" data-id=\"7a6d853\" data-element_type=\"widget\" data-e-type=\"widget\" data-widget_type=\"heading.default\">\n\t\t\t\t<div class=\"elementor-widget-container\">\n\t\t\t\t\t<h2 class=\"elementor-heading-title elementor-size-medium\"><a href=\"mailto:mail@andreaspichl.com\">mail@andreaspichl.com<\/a><\/h2>\t\t\t\t<\/div>\n\t\t\t\t<\/div>\n\t\t\t\t\t<\/div>\n\t\t<\/div>\n\t\t\t\t\t<\/div>\n\t\t<\/section>\n\t\t\t\t<div class=\"elementor-element elementor-element-6183a36 elementor-widget elementor-widget-heading\" data-id=\"6183a36\" data-element_type=\"widget\" data-e-type=\"widget\" data-widget_type=\"heading.default\">\n\t\t\t\t<div class=\"elementor-widget-container\">\n\t\t\t\t\t<h2 class=\"elementor-heading-title elementor-size-large\">visit me:<\/h2>\t\t\t\t<\/div>\n\t\t\t\t<\/div>\n\t\t\t\t<section class=\"elementor-section elementor-inner-section elementor-element elementor-element-8e85f8e elementor-section-boxed elementor-section-height-default elementor-section-height-default\" data-id=\"8e85f8e\" data-element_type=\"section\" data-e-type=\"section\">\n\t\t\t\t\t\t<div class=\"elementor-container elementor-column-gap-default\">\n\t\t\t\t\t<div class=\"elementor-column elementor-col-100 elementor-inner-column elementor-element elementor-element-87c3154\" data-id=\"87c3154\" data-element_type=\"column\" data-e-type=\"column\">\n\t\t\t<div class=\"elementor-widget-wrap elementor-element-populated\">\n\t\t\t\t\t\t<div class=\"elementor-element elementor-element-4ba0ea8 elementor-widget elementor-widget-heading\" data-id=\"4ba0ea8\" data-element_type=\"widget\" data-e-type=\"widget\" data-widget_type=\"heading.default\">\n\t\t\t\t<div class=\"elementor-widget-container\">\n\t\t\t\t\t<h2 class=\"elementor-heading-title elementor-size-medium\"><a href=\"https:\/\/www.google.de\/maps\/place\/47%C2%B006&#039;15.8%22N+15%C2%B025&#039;38.6%22E\/@47.1043714,15.4262973,18.25z\/data=!4m6!3m5!1s0x476e35db18f160d3:0x7d94aa7871d662c2!7e2!8m2!3d47.1043891!4d15.4274011\">Ziegelstra\u00dfe 9m,  8045 Graz<\/a><\/h2>\t\t\t\t<\/div>\n\t\t\t\t<\/div>\n\t\t\t\t\t<\/div>\n\t\t<\/div>\n\t\t\t\t\t<\/div>\n\t\t<\/section>\n\t\t\t\t\t<\/div>\n\t\t<\/div>\n\t\t\t\t\t<\/div>\n\t\t<\/section>\n\t\t\t\t<section class=\"elementor-section elementor-top-section elementor-element elementor-element-acedd5f elementor-section-boxed elementor-section-height-default elementor-section-height-default\" data-id=\"acedd5f\" data-element_type=\"section\" data-e-type=\"section\">\n\t\t\t\t\t\t<div class=\"elementor-container elementor-column-gap-default\">\n\t\t\t\t\t<div class=\"elementor-column elementor-col-100 elementor-top-column elementor-element elementor-element-17829bd\" data-id=\"17829bd\" data-element_type=\"column\" data-e-type=\"column\">\n\t\t\t<div class=\"elementor-widget-wrap elementor-element-populated\">\n\t\t\t\t\t\t<div class=\"elementor-element elementor-element-3466e3f elementor-widget elementor-widget-heading\" data-id=\"3466e3f\" data-element_type=\"widget\" data-e-type=\"widget\" data-widget_type=\"heading.default\">\n\t\t\t\t<div class=\"elementor-widget-container\">\n\t\t\t\t\t<h2 class=\"elementor-heading-title elementor-size-large\">follow me:<\/h2>\t\t\t\t<\/div>\n\t\t\t\t<\/div>\n\t\t\t\t<div class=\"elementor-element elementor-element-a36e1a7 elementor-shape-circle e-grid-align-mobile-center elementor-grid-0 e-grid-align-center elementor-widget elementor-widget-social-icons\" data-id=\"a36e1a7\" data-element_type=\"widget\" data-e-type=\"widget\" data-widget_type=\"social-icons.default\">\n\t\t\t\t<div class=\"elementor-widget-container\">\n\t\t\t\t\t\t\t<div class=\"elementor-social-icons-wrapper elementor-grid\" role=\"list\">\n\t\t\t\t\t\t\t<span class=\"elementor-grid-item\" role=\"listitem\">\n\t\t\t\t\t<a class=\"elementor-icon elementor-social-icon elementor-social-icon-facebook-f elementor-repeater-item-c6b41bf\" href=\"https:\/\/www.facebook.com\/pg\/andreaspichlphotography\" target=\"_blank\">\n\t\t\t\t\t\t<span class=\"elementor-screen-only\">Facebook-f<\/span>\n\t\t\t\t\t\t<i aria-hidden=\"true\" class=\"fab fa-facebook-f\"><\/i>\t\t\t\t\t<\/a>\n\t\t\t\t<\/span>\n\t\t\t\t\t\t\t<span class=\"elementor-grid-item\" role=\"listitem\">\n\t\t\t\t\t<a class=\"elementor-icon elementor-social-icon elementor-social-icon-instagram elementor-repeater-item-a81613f\" href=\"https:\/\/www.instagram.com\/andreaspichlphotography\/\" target=\"_blank\">\n\t\t\t\t\t\t<span class=\"elementor-screen-only\">Instagram<\/span>\n\t\t\t\t\t\t<i aria-hidden=\"true\" class=\"fab fa-instagram\"><\/i>\t\t\t\t\t<\/a>\n\t\t\t\t<\/span>\n\t\t\t\t\t\t\t<span class=\"elementor-grid-item\" role=\"listitem\">\n\t\t\t\t\t<a class=\"elementor-icon elementor-social-icon elementor-social-icon-envelope elementor-repeater-item-3a60a64\" href=\"mailto:mail@andreaspichl.com\" target=\"_blank\">\n\t\t\t\t\t\t<span class=\"elementor-screen-only\">Envelope<\/span>\n\t\t\t\t\t\t<i aria-hidden=\"true\" class=\"fas fa-envelope\"><\/i>\t\t\t\t\t<\/a>\n\t\t\t\t<\/span>\n\t\t\t\t\t<\/div>\n\t\t\t\t\t\t<\/div>\n\t\t\t\t<\/div>\n\t\t\t\t<div class=\"elementor-element elementor-element-20113b6 elementor-widget elementor-widget-heading\" data-id=\"20113b6\" data-element_type=\"widget\" data-e-type=\"widget\" data-widget_type=\"heading.default\">\n\t\t\t\t<div class=\"elementor-widget-container\">\n\t\t\t\t\t<h2 class=\"elementor-heading-title elementor-size-default\">add me to your mobile contacts:<\/h2>\t\t\t\t<\/div>\n\t\t\t\t<\/div>\n\t\t\t\t<div class=\"elementor-element elementor-element-0693b15 elementor-widget elementor-widget-image\" data-id=\"0693b15\" data-element_type=\"widget\" data-e-type=\"widget\" data-widget_type=\"image.default\">\n\t\t\t\t<div class=\"elementor-widget-container\">\n\t\t\t\t\t\t\t\t\t\t\t\t\t\t\t\t<a href=\"https:\/\/qr1.at\/f7a5oq\">\n\t\t\t\t\t\t\t<img loading=\"lazy\" decoding=\"async\" width=\"80\" height=\"80\" src=\"https:\/\/www.andreaspichl.com\/wp-content\/uploads\/2019\/10\/Logo__s_80x80.png\" class=\"attachment-medium size-medium wp-image-53\" alt=\"\" \/>\t\t\t\t\t\t\t\t<\/a>\n\t\t\t\t\t\t\t\t\t\t\t\t\t\t\t<\/div>\n\t\t\t\t<\/div>\n\t\t\t\t<div class=\"elementor-element elementor-element-7b92abf elementor-widget-divider--view-line elementor-widget elementor-widget-divider\" data-id=\"7b92abf\" data-element_type=\"widget\" data-e-type=\"widget\" data-widget_type=\"divider.default\">\n\t\t\t\t<div class=\"elementor-widget-container\">\n\t\t\t\t\t\t\t<div class=\"elementor-divider\">\n\t\t\t<span class=\"elementor-divider-separator\">\n\t\t\t\t\t\t<\/span>\n\t\t<\/div>\n\t\t\t\t\t\t<\/div>\n\t\t\t\t<\/div>\n\t\t\t\t<div class=\"elementor-element elementor-element-a8f29f8 elementor-align-center elementor-widget elementor-widget-button\" data-id=\"a8f29f8\" data-element_type=\"widget\" data-e-type=\"widget\" data-widget_type=\"button.default\">\n\t\t\t\t<div class=\"elementor-widget-container\">\n\t\t\t\t\t\t\t\t\t<div class=\"elementor-button-wrapper\">\n\t\t\t\t\t<a class=\"elementor-button elementor-button-link elementor-size-sm\" href=\"https:\/\/calendly.com\/andreaspichl\/shooting-besprechung\" target=\"_blank\">\n\t\t\t\t\t\t<span class=\"elementor-button-content-wrapper\">\n\t\t\t\t\t\t\t\t\t<span class=\"elementor-button-text\">Termin f\u00fcr Shooting-Besprechung<\/span>\n\t\t\t\t\t<\/span>\n\t\t\t\t\t<\/a>\n\t\t\t\t<\/div>\n\t\t\t\t\t\t\t\t<\/div>\n\t\t\t\t<\/div>\n\t\t\t\t\t<\/div>\n\t\t<\/div>\n\t\t\t\t\t<\/div>\n\t\t<\/section>\n\t\t\t\t<section class=\"elementor-section elementor-top-section elementor-element elementor-element-8ef4fb9 elementor-section-full_width elementor-section-height-default elementor-section-height-default\" data-id=\"8ef4fb9\" data-element_type=\"section\" data-e-type=\"section\">\n\t\t\t\t\t\t<div class=\"elementor-container elementor-column-gap-default\">\n\t\t\t\t\t<div class=\"elementor-column elementor-col-100 elementor-top-column elementor-element elementor-element-0014c08\" data-id=\"0014c08\" data-element_type=\"column\" data-e-type=\"column\">\n\t\t\t<div class=\"elementor-widget-wrap elementor-element-populated\">\n\t\t\t\t\t\t<div class=\"elementor-element elementor-element-3108aa4 elementor-widget-divider--view-line elementor-widget elementor-widget-divider\" data-id=\"3108aa4\" data-element_type=\"widget\" data-e-type=\"widget\" data-widget_type=\"divider.default\">\n\t\t\t\t<div class=\"elementor-widget-container\">\n\t\t\t\t\t\t\t<div class=\"elementor-divider\">\n\t\t\t<span class=\"elementor-divider-separator\">\n\t\t\t\t\t\t<\/span>\n\t\t<\/div>\n\t\t\t\t\t\t<\/div>\n\t\t\t\t<\/div>\n\t\t\t\t\t<\/div>\n\t\t<\/div>\n\t\t\t\t\t<\/div>\n\t\t<\/section>\n\t\t\t\t<section class=\"elementor-section elementor-top-section elementor-element elementor-element-0c21d4a elementor-section-full_width elementor-section-height-default elementor-section-height-default\" data-id=\"0c21d4a\" data-element_type=\"section\" data-e-type=\"section\">\n\t\t\t\t\t\t<div class=\"elementor-container elementor-column-gap-default\">\n\t\t\t\t\t<div class=\"elementor-column elementor-col-100 elementor-top-column elementor-element elementor-element-bf3d973\" data-id=\"bf3d973\" data-element_type=\"column\" data-e-type=\"column\">\n\t\t\t<div class=\"elementor-widget-wrap elementor-element-populated\">\n\t\t\t\t\t\t<div class=\"elementor-element elementor-element-58df3eb elementor-align-center elementor-widget elementor-widget-button\" data-id=\"58df3eb\" data-element_type=\"widget\" data-e-type=\"widget\" data-widget_type=\"button.default\">\n\t\t\t\t<div class=\"elementor-widget-container\">\n\t\t\t\t\t\t\t\t\t<div class=\"elementor-button-wrapper\">\n\t\t\t\t\t<a class=\"elementor-button elementor-button-link elementor-size-sm\" href=\"https:\/\/www.andreaspichl.com\/wp-content\/uploads\/2025\/09\/AGBs_v1.3-2025.pdf\" target=\"_blank\" rel=\"nofollow\">\n\t\t\t\t\t\t<span class=\"elementor-button-content-wrapper\">\n\t\t\t\t\t\t\t\t\t<span class=\"elementor-button-text\">AGBs<\/span>\n\t\t\t\t\t<\/span>\n\t\t\t\t\t<\/a>\n\t\t\t\t<\/div>\n\t\t\t\t\t\t\t\t<\/div>\n\t\t\t\t<\/div>\n\t\t\t\t<div class=\"elementor-element elementor-element-520f2c7 elementor-align-center elementor-widget elementor-widget-button\" data-id=\"520f2c7\" data-element_type=\"widget\" data-e-type=\"widget\" data-widget_type=\"button.default\">\n\t\t\t\t<div class=\"elementor-widget-container\">\n\t\t\t\t\t\t\t\t\t<div class=\"elementor-button-wrapper\">\n\t\t\t\t\t<a class=\"elementor-button elementor-button-link elementor-size-sm\" href=\"https:\/\/www.andreaspichl.com\/home\/?page_id=204\">\n\t\t\t\t\t\t<span class=\"elementor-button-content-wrapper\">\n\t\t\t\t\t\t\t\t\t<span class=\"elementor-button-text\">Impressum<\/span>\n\t\t\t\t\t<\/span>\n\t\t\t\t\t<\/a>\n\t\t\t\t<\/div>\n\t\t\t\t\t\t\t\t<\/div>\n\t\t\t\t<\/div>\n\t\t\t\t<div class=\"elementor-element elementor-element-0f38ee3 elementor-align-center elementor-widget elementor-widget-button\" data-id=\"0f38ee3\" data-element_type=\"widget\" data-e-type=\"widget\" data-widget_type=\"button.default\">\n\t\t\t\t<div class=\"elementor-widget-container\">\n\t\t\t\t\t\t\t\t\t<div class=\"elementor-button-wrapper\">\n\t\t\t\t\t<a class=\"elementor-button elementor-button-link elementor-size-sm\" href=\"https:\/\/www.andreaspichl.com\/wp-content\/uploads\/2025\/09\/Datenschutzerklaerung_v1.3-2025.pdf\" target=\"_blank\" rel=\"nofollow\">\n\t\t\t\t\t\t<span class=\"elementor-button-content-wrapper\">\n\t\t\t\t\t\t\t\t\t<span class=\"elementor-button-text\">Datenschutzerkl\u00e4rung<\/span>\n\t\t\t\t\t<\/span>\n\t\t\t\t\t<\/a>\n\t\t\t\t<\/div>\n\t\t\t\t\t\t\t\t<\/div>\n\t\t\t\t<\/div>\n\t\t\t\t\t<\/div>\n\t\t<\/div>\n\t\t\t\t\t<\/div>\n\t\t<\/section>\n\t\t\t\t<\/div>\n\t\t","protected":false},"excerpt":{"rendered":"<p>call me: +43 (664) 3370055 write me: mail@andreaspichl.com visit me: Ziegelstra\u00dfe 9m, 8045 Graz follow me: Facebook-f Instagram Envelope add me to your mobile contacts: Termin f\u00fcr Shooting-Besprechung AGBs Impressum Datenschutzerkl\u00e4rung<\/p>\n","protected":false},"author":1,"featured_media":0,"parent":0,"menu_order":0,"comment_status":"closed","ping_status":"closed","template":"elementor_theme","meta":{"footnotes":""},"class_list":["post-69","page","type-page","status-publish","hentry"],"_links":{"self":[{"href":"https:\/\/www.andreaspichl.com\/home\/index.php?rest_route=\/wp\/v2\/pages\/69","targetHints":{"allow":["GET"]}}],"collection":[{"href":"https:\/\/www.andreaspichl.com\/home\/index.php?rest_route=\/wp\/v2\/pages"}],"about":[{"href":"https:\/\/www.andreaspichl.com\/home\/index.php?rest_route=\/wp\/v2\/types\/page"}],"author":[{"embeddable":true,"href":"https:\/\/www.andreaspichl.com\/home\/index.php?rest_route=\/wp\/v2\/users\/1"}],"replies":[{"embeddable":true,"href":"https:\/\/www.andreaspichl.com\/home\/index.php?rest_route=%2Fwp%2Fv2%2Fcomments&post=69"}],"version-history":[{"count":277,"href":"https:\/\/www.andreaspichl.com\/home\/index.php?rest_route=\/wp\/v2\/pages\/69\/revisions"}],"predecessor-version":[{"id":1024,"href":"https:\/\/www.andreaspichl.com\/home\/index.php?rest_route=\/wp\/v2\/pages\/69\/revisions\/1024"}],"wp:attachment":[{"href":"https:\/\/www.andreaspichl.com\/home\/index.php?rest_route=%2Fwp%2Fv2%2Fmedia&parent=69"}],"curies":[{"name":"wp","href":"https:\/\/api.w.org\/{rel}","templated":true}]}}