{"id":73,"date":"2019-10-12T23:04:52","date_gmt":"2019-10-12T21:04:52","guid":{"rendered":"https:\/\/andreaspichl.com\/?page_id=73"},"modified":"2022-07-28T20:18:35","modified_gmt":"2022-07-28T18:18:35","slug":"about-me","status":"publish","type":"page","link":"https:\/\/www.andreaspichl.com\/home\/?page_id=73","title":{"rendered":"\u00fcber"},"content":{"rendered":"\t\t<div data-elementor-type=\"wp-page\" data-elementor-id=\"73\" class=\"elementor elementor-73\">\n\t\t\t\t\t\t<section class=\"elementor-section elementor-top-section elementor-element elementor-element-79c8878 elementor-section-boxed elementor-section-height-default elementor-section-height-default\" data-id=\"79c8878\" data-element_type=\"section\" data-e-type=\"section\">\n\t\t\t\t\t\t<div class=\"elementor-container elementor-column-gap-default\">\n\t\t\t\t\t<div class=\"elementor-column elementor-col-100 elementor-top-column elementor-element elementor-element-40c0c5f\" data-id=\"40c0c5f\" data-element_type=\"column\" data-e-type=\"column\">\n\t\t\t<div class=\"elementor-widget-wrap elementor-element-populated\">\n\t\t\t\t\t\t<div class=\"elementor-element elementor-element-5a83e2c elementor-widget elementor-widget-text-editor\" data-id=\"5a83e2c\" data-element_type=\"widget\" data-e-type=\"widget\" data-widget_type=\"text-editor.default\">\n\t\t\t\t<div class=\"elementor-widget-container\">\n\t\t\t\t\t\t\t\t\t<p style=\"text-align: center;\">Meine Leidenschaft zur Fotografie hat bereits im Kindesalter begonnen, als ich die damals relativ teure YASHICA von meinem Vater zum ersten Mal in H\u00e4nden hielt und zum ersten Mal den Ausl\u00f6ser dr\u00fccken durfte &#8211; click\/ratsch &#8211; das war ein Erlebnis. Mittlerweile kann ich dieses alte Prachtst\u00fcck mein Eigentum nennen und verwende die Kamera auch gelegentlich!<\/p>\t\t\t\t\t\t\t\t<\/div>\n\t\t\t\t<\/div>\n\t\t\t\t<div class=\"elementor-element elementor-element-b1920e6 elementor-widget elementor-widget-image\" data-id=\"b1920e6\" data-element_type=\"widget\" data-e-type=\"widget\" data-widget_type=\"image.default\">\n\t\t\t\t<div class=\"elementor-widget-container\">\n\t\t\t\t\t\t\t\t\t\t\t\t\t\t\t<img decoding=\"async\" src=\"https:\/\/www.andreaspichl.com\/wp-content\/uploads\/elementor\/thumbs\/IMG_0001-1-osfzbcw6znwee5n45njmh0kd4c7dz2puc42fqxc420.jpg\" title=\"IMG_0001\" alt=\"IMG_0001\" loading=\"lazy\" \/>\t\t\t\t\t\t\t\t\t\t\t\t\t\t\t<\/div>\n\t\t\t\t<\/div>\n\t\t\t\t<div class=\"elementor-element elementor-element-b19a377 elementor-widget elementor-widget-text-editor\" data-id=\"b19a377\" data-element_type=\"widget\" data-e-type=\"widget\" data-widget_type=\"text-editor.default\">\n\t\t\t\t<div class=\"elementor-widget-container\">\n\t\t\t\t\t\t\t\t\t<p style=\"text-align: center;\">Blende und Belichtungszeit waren damals noch \u00fcber Ringe und R\u00e4dchen einzustellen und ein Hebel zog den Filmstreifen f\u00fcr das n\u00e4chste Bild in Position.<\/p><p style=\"text-align: center;\">Seither war f\u00fcr mich das &#8222;Einfangen&#8220; von Licht ein magisches Erlebnis und erst recht das Warten, bis dann endlich die fertigen Fotos, damals noch produziert vom Meisterfotografen deines Vertrauens, vor mir lagen und die Ergebnisse begutachtet werden konnten. Ja, es war damals noch teuer, einen 24er-Film ausarbeiten zu lassen und beinahe ein Nervenkitzel, ob denn die Aufnahmen gut gelungen sind.<\/p><p style=\"text-align: center;\">Heute sieht das ganze freilich anders aus. Die Technik der Kameras und den Optiken hat sich rasant weiterentwickelt, aber die Basis ist nach wie vor die gleiche. Schau durch den Sucher \u00fcber Prisma und Spiegel durch ein Rohr, stelle die beiden wesentlichen Kenngr\u00f6\u00dfen der Fotografie &#8211; Blende und Belichtung &#8211; ein und dr\u00fccke ab.<\/p><p style=\"text-align: center;\">Halt da war doch noch was&#8230;<br \/>Ach ja, das Motiv&#8230;!<\/p><p style=\"text-align: center;\">\u00a0<\/p>\t\t\t\t\t\t\t\t<\/div>\n\t\t\t\t<\/div>\n\t\t\t\t<div class=\"elementor-element elementor-element-7d10b65 elementor-widget elementor-widget-image\" data-id=\"7d10b65\" data-element_type=\"widget\" data-e-type=\"widget\" data-widget_type=\"image.default\">\n\t\t\t\t<div class=\"elementor-widget-container\">\n\t\t\t\t\t\t\t\t\t\t\t\t\t\t\t<img fetchpriority=\"high\" decoding=\"async\" width=\"1000\" height=\"1000\" src=\"https:\/\/www.andreaspichl.com\/wp-content\/uploads\/2019\/12\/AP-1024x1024.jpg\" class=\"attachment-large size-large wp-image-266\" alt=\"\" srcset=\"https:\/\/www.andreaspichl.com\/wp-content\/uploads\/2019\/12\/AP-1024x1024.jpg 1024w, https:\/\/www.andreaspichl.com\/wp-content\/uploads\/2019\/12\/AP-300x300.jpg 300w, https:\/\/www.andreaspichl.com\/wp-content\/uploads\/2019\/12\/AP-150x150.jpg 150w, https:\/\/www.andreaspichl.com\/wp-content\/uploads\/2019\/12\/AP-768x768.jpg 768w, https:\/\/www.andreaspichl.com\/wp-content\/uploads\/2019\/12\/AP-1536x1536.jpg 1536w, https:\/\/www.andreaspichl.com\/wp-content\/uploads\/2019\/12\/AP-2048x2048.jpg 2048w, https:\/\/www.andreaspichl.com\/wp-content\/uploads\/2019\/12\/AP-1000x1000.jpg 1000w, https:\/\/www.andreaspichl.com\/wp-content\/uploads\/2019\/12\/AP-500x500.jpg 500w, https:\/\/www.andreaspichl.com\/wp-content\/uploads\/2019\/12\/AP-1920x1920.jpg 1920w\" sizes=\"(max-width: 1000px) 100vw, 1000px\" \/>\t\t\t\t\t\t\t\t\t\t\t\t\t\t\t<\/div>\n\t\t\t\t<\/div>\n\t\t\t\t<div class=\"elementor-element elementor-element-dc9a171 elementor-widget elementor-widget-text-editor\" data-id=\"dc9a171\" data-element_type=\"widget\" data-e-type=\"widget\" data-widget_type=\"text-editor.default\">\n\t\t\t\t<div class=\"elementor-widget-container\">\n\t\t\t\t\t\t\t\t\t<p style=\"text-align: center;\">Genau da beginnt die Fotografie erst so wirklich, denn durchschauen und abdr\u00fccken ist ja nicht weiters schwierig. Doch welche Geschichte soll letztlich mit dem Bild erz\u00e4hlt werden, was soll die Aussage sein, welche Emotionen sollen transportiert oder erzeugt werden&#8230;?<\/p><p style=\"text-align: center;\">Das alles zu ber\u00fccksichtigen und in Einklang zu bringen, ist in meinen Augen die wahre Herausforderung in der Fotografie. Ein subsumierender Begriff f\u00fcr all diese Aspekte ist das &#8222;<strong>Malen mit Licht<\/strong>&#8220; und das ist es auch!<\/p><p style=\"text-align: center;\">Da ich f\u00fcr meine Anspr\u00fcche noch nicht dort angekommen bin, wo ich gerne hin m\u00f6chte, ist f\u00fcr mich die Fotografie ein sich st\u00e4ndig wandelnder\u00a0 Prozess, mit hoffentlich keinem Ende. Genau deshalb stelle ich bei weitem keinen Anspruch auf Perfektion, vielmehr auf eine gelungene Komposition meiner Bilder. Und ich bin noch immer am Anfang&#8230; \ud83d\ude42<\/p>\t\t\t\t\t\t\t\t<\/div>\n\t\t\t\t<\/div>\n\t\t\t\t<div class=\"elementor-element elementor-element-41b2325 elementor-widget elementor-widget-text-editor\" data-id=\"41b2325\" data-element_type=\"widget\" data-e-type=\"widget\" data-widget_type=\"text-editor.default\">\n\t\t\t\t<div class=\"elementor-widget-container\">\n\t\t\t\t\t\t\t\t\t<h4 style=\"text-align: center;\"><a href=\"https:\/\/www.andreaspichl.com\/home\/?page_id=603\">Der Weg ist das Ziel<\/a><br \/><a href=\"https:\/\/www.andreaspichl.com\/home\/?page_id=603\">&#8230; es war und ist ein interessanter Weg.<\/a><\/h4>\t\t\t\t\t\t\t\t<\/div>\n\t\t\t\t<\/div>\n\t\t\t\t\t<\/div>\n\t\t<\/div>\n\t\t\t\t\t<\/div>\n\t\t<\/section>\n\t\t\t\t<\/div>\n\t\t","protected":false},"excerpt":{"rendered":"<p>Meine Leidenschaft zur Fotografie hat bereits im Kindesalter begonnen, als ich die damals relativ teure YASHICA von meinem Vater zum ersten Mal in H\u00e4nden hielt und zum ersten Mal den Ausl\u00f6ser dr\u00fccken durfte &#8211; click\/ratsch &#8211; das war ein Erlebnis. Mittlerweile kann ich dieses alte &hellip; <a href=\"https:\/\/www.andreaspichl.com\/home\/?page_id=73\" class=\"more-link\"><span>Continue reading<span class=\"screen-reader-text\">\u00fcber<\/span><\/span><\/a><\/p>\n","protected":false},"author":1,"featured_media":0,"parent":0,"menu_order":0,"comment_status":"closed","ping_status":"closed","template":"","meta":{"footnotes":""},"class_list":["post-73","page","type-page","status-publish","hentry"],"_links":{"self":[{"href":"https:\/\/www.andreaspichl.com\/home\/index.php?rest_route=\/wp\/v2\/pages\/73","targetHints":{"allow":["GET"]}}],"collection":[{"href":"https:\/\/www.andreaspichl.com\/home\/index.php?rest_route=\/wp\/v2\/pages"}],"about":[{"href":"https:\/\/www.andreaspichl.com\/home\/index.php?rest_route=\/wp\/v2\/types\/page"}],"author":[{"embeddable":true,"href":"https:\/\/www.andreaspichl.com\/home\/index.php?rest_route=\/wp\/v2\/users\/1"}],"replies":[{"embeddable":true,"href":"https:\/\/www.andreaspichl.com\/home\/index.php?rest_route=%2Fwp%2Fv2%2Fcomments&post=73"}],"version-history":[{"count":76,"href":"https:\/\/www.andreaspichl.com\/home\/index.php?rest_route=\/wp\/v2\/pages\/73\/revisions"}],"predecessor-version":[{"id":865,"href":"https:\/\/www.andreaspichl.com\/home\/index.php?rest_route=\/wp\/v2\/pages\/73\/revisions\/865"}],"wp:attachment":[{"href":"https:\/\/www.andreaspichl.com\/home\/index.php?rest_route=%2Fwp%2Fv2%2Fmedia&parent=73"}],"curies":[{"name":"wp","href":"https:\/\/api.w.org\/{rel}","templated":true}]}}